{"id":414,"date":"2017-12-21T09:00:47","date_gmt":"2017-12-21T09:00:47","guid":{"rendered":"https:\/\/lafibroyyo.com\/?page_id=414"},"modified":"2024-02-08T15:36:44","modified_gmt":"2024-02-08T20:36:44","slug":"contact-us","status":"publish","type":"page","link":"https:\/\/lafibroyyo.com\/?page_id=414","title":{"rendered":"Contact Us"},"content":{"rendered":"\n\n\t<h1>\n\t\t\t\t\tCont\u00e1ctanos\n\t\t\t\t<\/h1>\n\t<h3>\n\t\t\t\t\tSi deseas participar de la asociaci\u00f3n\n\t\t\t\t<\/h3>\n\t\t\t<p>Si tienes alguna duda, pregunta o deseas ayudarnos escr\u00edbenos al correo hola@lafibroyyo.com o d\u00e9janos un mensaje por instagram (@lafibroyyo) para poderte ayudar.<\/p>\n\n","protected":false},"excerpt":{"rendered":"<p>Cont\u00e1ctanos Si deseas participar de la asociaci\u00f3n Si tienes alguna duda, pregunta o deseas ayudarnos escr\u00edbenos al correo hola@lafibroyyo.com o d\u00e9janos un mensaje por instagram (@lafibroyyo) para poderte ayudar.<\/p>\n","protected":false},"author":1,"featured_media":0,"parent":0,"menu_order":0,"comment_status":"closed","ping_status":"closed","template":"","meta":{"site-sidebar-layout":"no-sidebar","site-content-layout":"page-builder","ast-global-header-display":"","ast-banner-title-visibility":"","ast-main-header-display":"","ast-hfb-above-header-display":"","ast-hfb-below-header-display":"","ast-hfb-mobile-header-display":"","site-post-title":"disabled","ast-breadcrumbs-content":"","ast-featured-img":"disabled","footer-sml-layout":"","theme-transparent-header-meta":"","adv-header-id-meta":"","stick-header-meta":"","header-above-stick-meta":"","header-main-stick-meta":"","header-below-stick-meta":"","footnotes":""},"class_list":["post-414","page","type-page","status-publish","hentry"],"yoast_head":"<!-- This site is optimized with the Yoast SEO plugin v20.8 - https:\/\/yoast.com\/wordpress\/plugins\/seo\/ -->\n<title>Contact Us - La Fibro y Yo<\/title>\n<meta name=\"robots\" content=\"index, follow, max-snippet:-1, max-image-preview:large, max-video-preview:-1\" \/>\n<link rel=\"canonical\" href=\"https:\/\/lafibroyyo.com\/?page_id=414\" \/>\n<meta property=\"og:locale\" content=\"es_ES\" \/>\n<meta property=\"og:type\" content=\"article\" \/>\n<meta property=\"og:title\" content=\"Contact Us - La Fibro y Yo\" \/>\n<meta property=\"og:description\" content=\"Cont\u00e1ctanos Si deseas participar de la asociaci\u00f3n Si tienes alguna duda, pregunta o deseas ayudarnos escr\u00edbenos al correo hola@lafibroyyo.com o d\u00e9janos un mensaje por instagram (@lafibroyyo) para poderte ayudar.\" \/>\n<meta property=\"og:url\" content=\"https:\/\/lafibroyyo.com\/?page_id=414\" \/>\n<meta property=\"og:site_name\" content=\"La Fibro y Yo\" \/>\n<meta property=\"article:modified_time\" content=\"2024-02-08T20:36:44+00:00\" \/>\n<meta name=\"twitter:card\" content=\"summary_large_image\" \/>\n<script type=\"application\/ld+json\" class=\"yoast-schema-graph\">{\"@context\":\"https:\/\/schema.org\",\"@graph\":[{\"@type\":\"WebPage\",\"@id\":\"https:\/\/lafibroyyo.com\/?page_id=414\",\"url\":\"https:\/\/lafibroyyo.com\/?page_id=414\",\"name\":\"Contact Us - La Fibro y Yo\",\"isPartOf\":{\"@id\":\"https:\/\/lafibroyyo.com\/#website\"},\"datePublished\":\"2017-12-21T09:00:47+00:00\",\"dateModified\":\"2024-02-08T20:36:44+00:00\",\"breadcrumb\":{\"@id\":\"https:\/\/lafibroyyo.com\/?page_id=414#breadcrumb\"},\"inLanguage\":\"es\",\"potentialAction\":[{\"@type\":\"ReadAction\",\"target\":[\"https:\/\/lafibroyyo.com\/?page_id=414\"]}]},{\"@type\":\"BreadcrumbList\",\"@id\":\"https:\/\/lafibroyyo.com\/?page_id=414#breadcrumb\",\"itemListElement\":[{\"@type\":\"ListItem\",\"position\":1,\"name\":\"Portada\",\"item\":\"https:\/\/lafibroyyo.com\/\"},{\"@type\":\"ListItem\",\"position\":2,\"name\":\"Contact Us\"}]},{\"@type\":\"WebSite\",\"@id\":\"https:\/\/lafibroyyo.com\/#website\",\"url\":\"https:\/\/lafibroyyo.com\/\",\"name\":\"La Fibro y Yo\",\"description\":\"\",\"publisher\":{\"@id\":\"https:\/\/lafibroyyo.com\/#organization\"},\"potentialAction\":[{\"@type\":\"SearchAction\",\"target\":{\"@type\":\"EntryPoint\",\"urlTemplate\":\"https:\/\/lafibroyyo.com\/?s={search_term_string}\"},\"query-input\":\"required name=search_term_string\"}],\"inLanguage\":\"es\"},{\"@type\":\"Organization\",\"@id\":\"https:\/\/lafibroyyo.com\/#organization\",\"name\":\"La Fibro y Yo\",\"url\":\"https:\/\/lafibroyyo.com\/\",\"logo\":{\"@type\":\"ImageObject\",\"inLanguage\":\"es\",\"@id\":\"https:\/\/lafibroyyo.com\/#\/schema\/logo\/image\/\",\"url\":\"https:\/\/lafibroyyo.com\/wp-content\/uploads\/2023\/06\/cropped-cropped-cropped-Logo.png\",\"contentUrl\":\"https:\/\/lafibroyyo.com\/wp-content\/uploads\/2023\/06\/cropped-cropped-cropped-Logo.png\",\"width\":512,\"height\":512,\"caption\":\"La Fibro y Yo\"},\"image\":{\"@id\":\"https:\/\/lafibroyyo.com\/#\/schema\/logo\/image\/\"}}]}<\/script>\n<!-- \/ Yoast SEO plugin. -->","yoast_head_json":{"title":"Contact Us - La Fibro y Yo","robots":{"index":"index","follow":"follow","max-snippet":"max-snippet:-1","max-image-preview":"max-image-preview:large","max-video-preview":"max-video-preview:-1"},"canonical":"https:\/\/lafibroyyo.com\/?page_id=414","og_locale":"es_ES","og_type":"article","og_title":"Contact Us - La Fibro y Yo","og_description":"Cont\u00e1ctanos Si deseas participar de la asociaci\u00f3n Si tienes alguna duda, pregunta o deseas ayudarnos escr\u00edbenos al correo hola@lafibroyyo.com o d\u00e9janos un mensaje por instagram (@lafibroyyo) para poderte ayudar.","og_url":"https:\/\/lafibroyyo.com\/?page_id=414","og_site_name":"La Fibro y Yo","article_modified_time":"2024-02-08T20:36:44+00:00","twitter_card":"summary_large_image","schema":{"@context":"https:\/\/schema.org","@graph":[{"@type":"WebPage","@id":"https:\/\/lafibroyyo.com\/?page_id=414","url":"https:\/\/lafibroyyo.com\/?page_id=414","name":"Contact Us - La Fibro y Yo","isPartOf":{"@id":"https:\/\/lafibroyyo.com\/#website"},"datePublished":"2017-12-21T09:00:47+00:00","dateModified":"2024-02-08T20:36:44+00:00","breadcrumb":{"@id":"https:\/\/lafibroyyo.com\/?page_id=414#breadcrumb"},"inLanguage":"es","potentialAction":[{"@type":"ReadAction","target":["https:\/\/lafibroyyo.com\/?page_id=414"]}]},{"@type":"BreadcrumbList","@id":"https:\/\/lafibroyyo.com\/?page_id=414#breadcrumb","itemListElement":[{"@type":"ListItem","position":1,"name":"Portada","item":"https:\/\/lafibroyyo.com\/"},{"@type":"ListItem","position":2,"name":"Contact Us"}]},{"@type":"WebSite","@id":"https:\/\/lafibroyyo.com\/#website","url":"https:\/\/lafibroyyo.com\/","name":"La Fibro y Yo","description":"","publisher":{"@id":"https:\/\/lafibroyyo.com\/#organization"},"potentialAction":[{"@type":"SearchAction","target":{"@type":"EntryPoint","urlTemplate":"https:\/\/lafibroyyo.com\/?s={search_term_string}"},"query-input":"required name=search_term_string"}],"inLanguage":"es"},{"@type":"Organization","@id":"https:\/\/lafibroyyo.com\/#organization","name":"La Fibro y Yo","url":"https:\/\/lafibroyyo.com\/","logo":{"@type":"ImageObject","inLanguage":"es","@id":"https:\/\/lafibroyyo.com\/#\/schema\/logo\/image\/","url":"https:\/\/lafibroyyo.com\/wp-content\/uploads\/2023\/06\/cropped-cropped-cropped-Logo.png","contentUrl":"https:\/\/lafibroyyo.com\/wp-content\/uploads\/2023\/06\/cropped-cropped-cropped-Logo.png","width":512,"height":512,"caption":"La Fibro y Yo"},"image":{"@id":"https:\/\/lafibroyyo.com\/#\/schema\/logo\/image\/"}}]}},"_links":{"self":[{"href":"https:\/\/lafibroyyo.com\/index.php?rest_route=\/wp\/v2\/pages\/414","targetHints":{"allow":["GET"]}}],"collection":[{"href":"https:\/\/lafibroyyo.com\/index.php?rest_route=\/wp\/v2\/pages"}],"about":[{"href":"https:\/\/lafibroyyo.com\/index.php?rest_route=\/wp\/v2\/types\/page"}],"author":[{"embeddable":true,"href":"https:\/\/lafibroyyo.com\/index.php?rest_route=\/wp\/v2\/users\/1"}],"replies":[{"embeddable":true,"href":"https:\/\/lafibroyyo.com\/index.php?rest_route=%2Fwp%2Fv2%2Fcomments&post=414"}],"version-history":[{"count":2,"href":"https:\/\/lafibroyyo.com\/index.php?rest_route=\/wp\/v2\/pages\/414\/revisions"}],"predecessor-version":[{"id":878,"href":"https:\/\/lafibroyyo.com\/index.php?rest_route=\/wp\/v2\/pages\/414\/revisions\/878"}],"wp:attachment":[{"href":"https:\/\/lafibroyyo.com\/index.php?rest_route=%2Fwp%2Fv2%2Fmedia&parent=414"}],"curies":[{"name":"wp","href":"https:\/\/api.w.org\/{rel}","templated":true}]}}